{"id":1998,"date":"2017-04-13T15:07:50","date_gmt":"2017-04-13T15:07:50","guid":{"rendered":"http:\/\/squad.pt\/?page_id=1998"},"modified":"2020-09-08T14:52:34","modified_gmt":"2020-09-08T14:52:34","slug":"gestao-do-patrimonio","status":"publish","type":"page","link":"https:\/\/squad.pt\/en\/gestao-do-patrimonio\/","title":{"rendered":"(Portugu\u00eas) Gest\u00e3o do Patrim\u00f3nio"},"content":{"rendered":"<p class=\"qtranxs-available-languages-message qtranxs-available-languages-message-en\">Sorry, this entry is only available in <a href=\"https:\/\/squad.pt\/pt\/wp-json\/wp\/v2\/pages\/1998\" class=\"qtranxs-available-language-link qtranxs-available-language-link-pt\" title=\"Portugu\u00eas\">European Portuguese<\/a>.<\/p>","protected":false},"excerpt":{"rendered":"<p>Sorry, this entry is only available in European Portuguese.<\/p>\n","protected":false},"author":2,"featured_media":0,"parent":0,"menu_order":0,"comment_status":"closed","ping_status":"closed","template":"page-templates\/full-width.php","meta":{"footnotes":""},"_links":{"self":[{"href":"https:\/\/squad.pt\/en\/wp-json\/wp\/v2\/pages\/1998"}],"collection":[{"href":"https:\/\/squad.pt\/en\/wp-json\/wp\/v2\/pages"}],"about":[{"href":"https:\/\/squad.pt\/en\/wp-json\/wp\/v2\/types\/page"}],"author":[{"embeddable":true,"href":"https:\/\/squad.pt\/en\/wp-json\/wp\/v2\/users\/2"}],"replies":[{"embeddable":true,"href":"https:\/\/squad.pt\/en\/wp-json\/wp\/v2\/comments?post=1998"}],"version-history":[{"count":50,"href":"https:\/\/squad.pt\/en\/wp-json\/wp\/v2\/pages\/1998\/revisions"}],"predecessor-version":[{"id":2910,"href":"https:\/\/squad.pt\/en\/wp-json\/wp\/v2\/pages\/1998\/revisions\/2910"}],"wp:attachment":[{"href":"https:\/\/squad.pt\/en\/wp-json\/wp\/v2\/media?parent=1998"}],"curies":[{"name":"wp","href":"https:\/\/api.w.org\/{rel}","templated":true}]}}