{"id":482,"date":"2015-05-04T15:21:50","date_gmt":"2015-05-04T15:21:50","guid":{"rendered":"http:\/\/squad.pt.temp.anaxanet.com\/?page_id=482"},"modified":"2019-08-30T14:19:31","modified_gmt":"2019-08-30T14:19:31","slug":"software-lab","status":"publish","type":"page","link":"https:\/\/squad.pt\/en\/software-lab\/","title":{"rendered":"Software Lab"},"content":{"rendered":"<p><\/p>\n<div class=\"container\">\n<div class=\"row\">\n<div class=\"col-md-12 text-center\">\n<div class=\"title-container\">\n<div class=\"icon-title\">\n<i class=\"fa fa-lightbulb-o main\"><\/i>\n<\/div>\n<div class=\"section-title\">\n<h1 class=\"main-title-area-software\">Software Lab<\/h1>\n<\/div>\n<\/div>\n<\/div>\n<\/div>\n<\/div>\n<section id=\"page\" class=\"commonsection\"><div class=\"container\"><div class=\"row\"><div class=\"col-lg-12 wow fadeIn\"  data-wow-duration=\"700ms\" data-wow-delay=\"300ms\"><div class=\"aboutBorder\"><div class=\"aboutDetails\"><h1><\/h1><p class=\"noMarginBottom\"><\/p>\n<blockquote><p>\u201cSoftware innovation, like almost every other kind of innovation, requires the ability to collaborate and share ideas with other people, and to sit down and talk with customers and get their feedback and understand their needs.\u201d Bill Gates<\/p><\/blockquote>\n<p>The diversity of management models, the specific business processes and the need for companies to differentiate themselves are ever present challenges for software development teams.<\/p><\/div><div class=\"aboutImage\"><img decoding=\"async\" alt=\"\" src=\"http:\/\/squad.pt\/wp-content\/uploads\/2015\/08\/img-geral.jpg\"><\/div><div class=\"clearfix\"><\/div><\/div><\/div><\/div><\/div><\/section>\n<div class=\"container\">\n<div class=\"row\">\n<div class=\"col-md-12 text-center\">\n<h1 class=\"main-title\">Services<\/h1>\n<h2 class=\"subtitle\">Consultancy, development, implementation<\/h2>\n<div class=\"titleHR\"><span><\/span><\/div>\n<\/p><\/div>\n<\/p><\/div>\n<div class=\"row\">\n<div class=\"col-md-12 text-center\">\n<p class=\"text-home\">The specific needs of organizations do not always translate into pre-existing or platform-based solutions. So, we gathered a team of consultants and certified professionals with the ability to evaluate and develop software able to meet the needs of organizations.<\/p>\n<\/p><\/div>\n<\/p><\/div>\n<div class=\"row\">\n<div class=\"col-md-12 text-center\">\n<h3 class=\"subtitle2\" style=\"margin-bottom:35px;\">Competences<\/h3>\n<\/p><\/div>\n<\/p><\/div>\n<div class=\"row\">\n<div class=\"col-md-2\"><\/div>\n<div class=\"col-md-8\">\n<ul class=\"list-services\">\n<li>\n<p class=\"services-titles-soft\"><i class=\"fa fa-clipboard services-icons\"><\/i>Assessment and analysis of business processes<\/p>\n<\/li>\n<li>\n<p class=\"services-titles-soft\"><i class=\"fa fa-file-code-o services-icons\"><\/i>Design and production of software solutions<\/p>\n<\/li>\n<li>\n<p class=\"services-titles-soft\"><i class=\"fa fa-tablet services-icons\"><\/i>Development and implementation of responsive technologies<\/p>\n<\/li>\n<li>\n<p class=\"services-titles-soft\"><i class=\"fa fa-pencil-square-o services-icons\"><\/i>Interface design for system integration<\/p>\n<\/li>\n<li>\n<p class=\"services-titles-soft\"><i class=\"fa fa-pencil services-icons\"><\/i>Design and graphic interfaces<\/p>\n<\/li>\n<li>\n<p class=\"services-titles-soft\"><i class=\"fa fa-trophy services-icons\"><\/i>Process gamification<\/p>\n<\/li>\n<\/ul>\n<\/div>\n<div class=\"col-md-2\"><\/div>\n<\/div>\n<\/div>\n<div class=\"grey\">\n<div class=\"container\">\n<div class=\"row\">\n<div class=\"col-md-12 text-center\">\n<h1 class=\"main-title-section\">Software Lab Customers<\/h1>\n<h2 class=\"subtitle\">Who already trust us<\/h2>\n<div class=\"titleHR\"><\/div>\n<\/div>\n<\/div>\n<div class=\"row\">\n<div class=\"col-md-12\">    <div class=\"wrapper\">\r\n                <p class=\"jw_easy_slider_name\">Software Lab<\/p>\r\n                 <div class=\"jcarousel-wrapper\" id=\"1pIA3l\">\r\n            <div class=\"jcarousel\">\r\n                <ul>\r\n                                    <li>\r\n\t\t\t\t\t\t <style>\r\n                        \t.easy-logo_image {height:150px !important}\r\n                         <\/style>\r\n\r\n                                               <img src='https:\/\/squad.pt\/wp-content\/uploads\/easy_logo_slider\/77911logo-sf1.jpg' class=\"easy-logo_image\" alt=\"\" title=\"OMNI\" \/>\r\n                       \r\n                                                <h3><\/h3>\r\n                       \r\n                                                  \r\n                    <\/li>\r\n                                        <li>\r\n\t\t\t\t\t\t <style>\r\n                        \t.easy-logo_image {height:150px !important}\r\n                         <\/style>\r\n\r\n                                               <img src='https:\/\/squad.pt\/wp-content\/uploads\/easy_logo_slider\/468505logo-sf2.jpg' class=\"easy-logo_image\" alt=\"\" title=\"Nestle\" \/>\r\n                       \r\n                                                <h3><\/h3>\r\n                       \r\n                                                  \r\n                    <\/li>\r\n                                        <li>\r\n\t\t\t\t\t\t <style>\r\n                        \t.easy-logo_image {height:150px !important}\r\n                         <\/style>\r\n\r\n                                               <img src='https:\/\/squad.pt\/wp-content\/uploads\/easy_logo_slider\/668914logo-sf3.jpg' class=\"easy-logo_image\" alt=\"\" title=\"Minist\u00e9rio da Educa\u00e7\u00e3o\" \/>\r\n                       \r\n                                                <h3><\/h3>\r\n                       \r\n                                                  \r\n                    <\/li>\r\n                                        <li>\r\n\t\t\t\t\t\t <style>\r\n                        \t.easy-logo_image {height:150px !important}\r\n                         <\/style>\r\n\r\n                                               <img src='https:\/\/squad.pt\/wp-content\/uploads\/easy_logo_slider\/524902logo-sf4.jpg' class=\"easy-logo_image\" alt=\"\" title=\"Oficina do Livro\" \/>\r\n                       \r\n                                                <h3><\/h3>\r\n                       \r\n                                                  \r\n                    <\/li>\r\n                                        <li>\r\n\t\t\t\t\t\t <style>\r\n                        \t.easy-logo_image {height:150px !important}\r\n                         <\/style>\r\n\r\n                                               <img src='https:\/\/squad.pt\/wp-content\/uploads\/easy_logo_slider\/364166logo-sf5.jpg' class=\"easy-logo_image\" alt=\"\" title=\"Cofidis\" \/>\r\n                       \r\n                                                <h3><\/h3>\r\n                       \r\n                                                  \r\n                    <\/li>\r\n                                        <li>\r\n\t\t\t\t\t\t <style>\r\n                        \t.easy-logo_image {height:150px !important}\r\n                         <\/style>\r\n\r\n                                               <img src='https:\/\/squad.pt\/wp-content\/uploads\/easy_logo_slider\/788238logo-sf6.jpg' class=\"easy-logo_image\" alt=\"\" title=\"netone\" \/>\r\n                       \r\n                                                <h3><\/h3>\r\n                       \r\n                                                  \r\n                    <\/li>\r\n                                        <li>\r\n\t\t\t\t\t\t <style>\r\n                        \t.easy-logo_image {height:150px !important}\r\n                         <\/style>\r\n\r\n                                               <img src='https:\/\/squad.pt\/wp-content\/uploads\/easy_logo_slider\/224517logo-rh37.jpg' class=\"easy-logo_image\" alt=\"\" title=\"Confedera\u00e7\u00e3o do Com\u00e9rcio\" \/>\r\n                       \r\n                                                <h3><\/h3>\r\n                       \r\n                                                  \r\n                    <\/li>\r\n                                    <\/ul>\r\n            <\/div>\r\n            <a href=\"#\" class=\"jcarousel-control-prev\" title=\"Previous\">&lsaquo;<\/a>\r\n\r\n            <a href=\"#\" class=\"jcarousel-control-next\" title=\"Next\">&rsaquo;<\/a>\r\n\r\n            <p class=\"jcarousel-pagination\"><\/p>\r\n\r\n        <\/div>\r\n        <script type='text\/javascript'>create_jcarousel('1pIA3l');<\/script>\r\n    <\/div>\r\n  <\/div>\n<\/div>\n<\/div>\n<\/div>\n<p><!--\n\n<div class=\"container\">\n\t\n\n<div class=\"row\">\n\n\n<div class=\"col-md-12 text-center\">\n\n\n<h1 class=\"main-title-section\">Software Lab Team<\/h1>\n\n\n\n\n<h2 class=\"subtitle\">Contact us!<\/h2>\n\n\n\n\n<div class=\"titleHR\"><\/div>\n\n\n<\/div>\n\n\n<\/div>\n\n\n\n\n<div class=\"row\">\n\n\n<div class=\"col-md-12 text-center\">[our-team group=\"Software Lab\"]<\/div>\n\n\n<\/div>\n\n--><\/p>","protected":false},"excerpt":{"rendered":"<p>Software Lab Services Consultancy, development, implementation The specific needs of organizations do not always translate into pre-existing or platform-based solutions. So, we gathered a team of consultants and certified professionals with the ability to evaluate and develop software able to meet the needs of organizations. Competences Assessment and analysis of business processes Design and production [&hellip;]<\/p>\n","protected":false},"author":2,"featured_media":0,"parent":0,"menu_order":0,"comment_status":"open","ping_status":"open","template":"page-templates\/full-width.php","meta":{"footnotes":""},"_links":{"self":[{"href":"https:\/\/squad.pt\/en\/wp-json\/wp\/v2\/pages\/482"}],"collection":[{"href":"https:\/\/squad.pt\/en\/wp-json\/wp\/v2\/pages"}],"about":[{"href":"https:\/\/squad.pt\/en\/wp-json\/wp\/v2\/types\/page"}],"author":[{"embeddable":true,"href":"https:\/\/squad.pt\/en\/wp-json\/wp\/v2\/users\/2"}],"replies":[{"embeddable":true,"href":"https:\/\/squad.pt\/en\/wp-json\/wp\/v2\/comments?post=482"}],"version-history":[{"count":48,"href":"https:\/\/squad.pt\/en\/wp-json\/wp\/v2\/pages\/482\/revisions"}],"predecessor-version":[{"id":2436,"href":"https:\/\/squad.pt\/en\/wp-json\/wp\/v2\/pages\/482\/revisions\/2436"}],"wp:attachment":[{"href":"https:\/\/squad.pt\/en\/wp-json\/wp\/v2\/media?parent=482"}],"curies":[{"name":"wp","href":"https:\/\/api.w.org\/{rel}","templated":true}]}}